{"id":468,"date":"2024-09-24T15:17:14","date_gmt":"2024-09-24T18:17:14","guid":{"rendered":"https:\/\/mesa.moller.cl\/?page_id=468"},"modified":"2024-10-01T12:55:27","modified_gmt":"2024-10-01T15:55:27","slug":"home_touch_vitacura","status":"publish","type":"page","link":"https:\/\/mesa.moller.cl\/index.php\/home_touch_vitacura\/","title":{"rendered":"Home_Touch_Vitacura_Vertical"},"content":{"rendered":"\t\t<div data-elementor-type=\"wp-post\" data-elementor-id=\"468\" class=\"elementor elementor-468\">\n\t\t\t\t<div class=\"elementor-element elementor-element-6930412 e-flex e-con-boxed e-con e-parent\" data-id=\"6930412\" data-element_type=\"container\">\n\t\t\t\t\t<div class=\"e-con-inner\">\n\t\t<div class=\"elementor-element elementor-element-d14eb08 e-con-full e-flex e-con e-child\" data-id=\"d14eb08\" data-element_type=\"container\">\n\t\t\t\t<\/div>\n\t\t\t\t<div class=\"elementor-element elementor-element-9fd8e1c elementor-widget__width-initial elementor-widget elementor-widget-image\" data-id=\"9fd8e1c\" data-element_type=\"widget\" data-widget_type=\"image.default\">\n\t\t\t\t<div class=\"elementor-widget-container\">\n\t\t\t<style>\/*! elementor - v3.22.0 - 26-06-2024 *\/\n.elementor-widget-image{text-align:center}.elementor-widget-image a{display:inline-block}.elementor-widget-image a img[src$=\".svg\"]{width:48px}.elementor-widget-image img{vertical-align:middle;display:inline-block}<\/style>\t\t\t\t\t\t\t\t\t\t<img decoding=\"async\" width=\"150\" height=\"52\" src=\"https:\/\/mesa.moller.cl\/wp-content\/uploads\/2024\/06\/logoMollerWeb.png\" class=\"attachment-thumbnail size-thumbnail wp-image-49\" alt=\"\" \/>\t\t\t\t\t\t\t\t\t\t\t\t\t<\/div>\n\t\t\t\t<\/div>\n\t\t<div class=\"elementor-element elementor-element-61de3db e-con-full e-flex e-con e-child\" data-id=\"61de3db\" data-element_type=\"container\">\n\t\t\t\t<div class=\"elementor-element elementor-element-ff9fa31 elementor-widget elementor-widget-heading\" data-id=\"ff9fa31\" data-element_type=\"widget\" data-widget_type=\"heading.default\">\n\t\t\t\t<div class=\"elementor-widget-container\">\n\t\t\t<style>\/*! elementor - v3.22.0 - 26-06-2024 *\/\n.elementor-heading-title{padding:0;margin:0;line-height:1}.elementor-widget-heading .elementor-heading-title[class*=elementor-size-]>a{color:inherit;font-size:inherit;line-height:inherit}.elementor-widget-heading .elementor-heading-title.elementor-size-small{font-size:15px}.elementor-widget-heading .elementor-heading-title.elementor-size-medium{font-size:19px}.elementor-widget-heading .elementor-heading-title.elementor-size-large{font-size:29px}.elementor-widget-heading .elementor-heading-title.elementor-size-xl{font-size:39px}.elementor-widget-heading .elementor-heading-title.elementor-size-xxl{font-size:59px}<\/style><h3 class=\"elementor-heading-title elementor-size-default\">Galer\u00eda de Proyectos Vitacura<\/h3>\t\t<\/div>\n\t\t\t\t<\/div>\n\t\t\t\t<\/div>\n\t\t<div class=\"elementor-element elementor-element-34b4e90 e-con-full e-flex e-con e-child\" data-id=\"34b4e90\" data-element_type=\"container\">\n\t\t\t\t<\/div>\n\t\t\t\t\t<\/div>\n\t\t\t\t<\/div>\n\t\t<div class=\"elementor-element elementor-element-411fc1e e-flex e-con-boxed e-con e-parent\" data-id=\"411fc1e\" data-element_type=\"container\">\n\t\t\t\t\t<div class=\"e-con-inner\">\n\t\t\t\t\t<\/div>\n\t\t\t\t<\/div>\n\t\t<div class=\"elementor-element elementor-element-6202497 e-flex e-con-boxed e-con e-parent\" data-id=\"6202497\" data-element_type=\"container\">\n\t\t\t\t\t<div class=\"e-con-inner\">\n\t\t<div class=\"elementor-element elementor-element-ebf0f44 e-con-full e-flex e-con e-child\" data-id=\"ebf0f44\" data-element_type=\"container\">\n\t\t\t\t<\/div>\n\t\t<div class=\"elementor-element elementor-element-fd2066e e-con-full e-flex e-con e-child\" data-id=\"fd2066e\" data-element_type=\"container\">\n\t\t\t\t<div class=\"elementor-element elementor-element-c1b33d6 elementor-widget elementor-widget-carousel-slider\" data-id=\"c1b33d6\" data-element_type=\"widget\" data-widget_type=\"carousel-slider.default\">\n\t\t\t\t<div class=\"elementor-widget-container\">\n\t\t\t\n<div class=\"sk-slick sk-slick-carousel\" data-slick='{&quot;autoplay&quot;:false,&quot;autoplaySpeed&quot;:&quot;3000&quot;,&quot;infinite&quot;:false,&quot;dots&quot;:true,&quot;swipe&quot;:true,&quot;speed&quot;:&quot;300&quot;,&quot;touchMove&quot;:true,&quot;fade&quot;:false,&quot;lazyLoad&quot;:&quot;ondemand&quot;,&quot;slidesToShow&quot;:2,&quot;responsive&quot;:[{&quot;breakpoint&quot;:767,&quot;settings&quot;:{&quot;slidesToShow&quot;:2}},{&quot;breakpoint&quot;:640,&quot;settings&quot;:{&quot;slidesToShow&quot;:1}}]}'>\n    <div class=\"sk-slick-item d-flex align-items-center elementor-repeater-item-3b24184\">\n    <div class=\"sk-slick-item__container container\">\n        <div class=\"sk-img-side\">\n                    <a href=\"https:\/\/mesa.moller.cl\/index.php\/proyecto_las_nieves_final\/\" >\n                                    <img decoding=\"async\" class=\"lazyload\" src=\"https:\/\/mesa.moller.cl\/wp-content\/uploads\/2024\/06\/Las_Nieves_Terraza_Mirador_-1.jpg\" data-src=\"https:\/\/mesa.moller.cl\/wp-content\/uploads\/2024\/06\/Las_Nieves_Terraza_Mirador_-1.jpg\" alt=\"Edificio Las Nieves 3631\" \/>\n                                <\/a>\n                  <\/div>\n        <div class=\"sk-text-side\">\n                    <h1 class=\"sk-heading sk-wrap-lines\"><span>Edificio Las Nieves 3631<\/span><\/h1>\n          \n                    <h2 class=\"sk-subheading sk-wrap-lines\"><span>Vitacura urbana y conectada<\/span><\/h2>\n          \n                    <div class=\"sk-button-container\">\n            <a href=\"https:\/\/mesa.moller.cl\/index.php\/proyecto_las_nieves_final\/\" class=\"elementor-button sk-button elementor-animation-\" >M\u00e1s info &rarr;<\/a>\n          <\/div>\n                  <\/div>\n    <\/div>\n  <\/div>\n    <div class=\"sk-slick-item d-flex align-items-center elementor-repeater-item-cc4ce9c\">\n    <div class=\"sk-slick-item__container container\">\n        <div class=\"sk-img-side\">\n                    <a href=\"https:\/\/mesa.moller.cl\/index.php\/proyecto_lo_gallo_final\/\" >\n                                    <img decoding=\"async\" class=\"lazyload\" src=\"https:\/\/mesa.moller.cl\/wp-content\/uploads\/2024\/06\/LoGallo_.jpg\" data-src=\"https:\/\/mesa.moller.cl\/wp-content\/uploads\/2024\/06\/LoGallo_.jpg\" alt=\"Edificio Lo Gallo 1820\" \/>\n                                <\/a>\n                  <\/div>\n        <div class=\"sk-text-side\">\n                    <h1 class=\"sk-heading sk-wrap-lines\"><span>Edificio Lo Gallo 1820<\/span><\/h1>\n          \n                    <h2 class=\"sk-subheading sk-wrap-lines\"><span>En un barrio consolidado<\/span><\/h2>\n          \n                    <div class=\"sk-button-container\">\n            <a href=\"https:\/\/mesa.moller.cl\/index.php\/proyecto_lo_gallo_final\/\" class=\"elementor-button sk-button elementor-animation-\" >M\u00e1s info &rarr;<\/a>\n          <\/div>\n                  <\/div>\n    <\/div>\n  <\/div>\n    <div class=\"sk-slick-item d-flex align-items-center elementor-repeater-item-783bfe5\">\n    <div class=\"sk-slick-item__container container\">\n        <div class=\"sk-img-side\">\n                    <a href=\"https:\/\/mesa.moller.cl\/index.php\/proyecto_partenon\/\" >\n                                    <img decoding=\"async\" class=\"lazyload\" src=\"https:\/\/mesa.moller.cl\/wp-content\/uploads\/2024\/06\/Partenon_web.jpg\" data-src=\"https:\/\/mesa.moller.cl\/wp-content\/uploads\/2024\/06\/Partenon_web.jpg\" alt=\"Edificio Parten\u00f3n 1770\" \/>\n                                <\/a>\n                  <\/div>\n        <div class=\"sk-text-side\">\n                    <h1 class=\"sk-heading sk-wrap-lines\"><span>Edificio Parten\u00f3n 1770<\/span><\/h1>\n          \n                    <h2 class=\"sk-subheading sk-wrap-lines\"><span>La excelencia residencial de Vitacura<\/span><\/h2>\n          \n                    <div class=\"sk-button-container\">\n            <a href=\"https:\/\/mesa.moller.cl\/index.php\/proyecto_partenon\/\" class=\"elementor-button sk-button elementor-animation-\" >M\u00e1s info &rarr;<\/a>\n          <\/div>\n                  <\/div>\n    <\/div>\n  <\/div>\n    <div class=\"sk-slick-item d-flex align-items-center elementor-repeater-item-c0452b6\">\n    <div class=\"sk-slick-item__container container\">\n        <div class=\"sk-img-side\">\n                    <a href=\"https:\/\/mesa.moller.cl\/index.php\/proyecto_san_damian_vitacura_ii\/\" >\n                                    <img decoding=\"async\" class=\"lazyload\" src=\"https:\/\/mesa.moller.cl\/wp-content\/uploads\/2024\/06\/SDVII_web.jpg\" data-src=\"https:\/\/mesa.moller.cl\/wp-content\/uploads\/2024\/06\/SDVII_web.jpg\" alt=\"San Dami\u00e1n de Vitacura II\" \/>\n                                <\/a>\n                  <\/div>\n        <div class=\"sk-text-side\">\n                    <h1 class=\"sk-heading sk-wrap-lines\"><span>San Dami\u00e1n de Vitacura II<\/span><\/h1>\n          \n                    <h2 class=\"sk-subheading sk-wrap-lines\"><span>Un departamento Superior<\/span><\/h2>\n          \n                    <div class=\"sk-button-container\">\n            <a href=\"https:\/\/mesa.moller.cl\/index.php\/proyecto_san_damian_vitacura_ii\/\" class=\"elementor-button sk-button elementor-animation-\" >M\u00e1s info &rarr;<\/a>\n          <\/div>\n                  <\/div>\n    <\/div>\n  <\/div>\n    <div class=\"sk-slick-item d-flex align-items-center elementor-repeater-item-460ddaa\">\n    <div class=\"sk-slick-item__container container\">\n        <div class=\"sk-img-side\">\n                    <a href=\"https:\/\/mesa.moller.cl\/index.php\/pagina_proyecto_3-2\/\" >\n                                    <img decoding=\"async\" class=\"lazyload\" src=\"https:\/\/mesa.moller.cl\/wp-content\/uploads\/2024\/06\/cedro_web.jpg\" data-src=\"https:\/\/mesa.moller.cl\/wp-content\/uploads\/2024\/06\/cedro_web.jpg\" alt=\"Edificio Cedro\" \/>\n                                <\/a>\n                  <\/div>\n        <div class=\"sk-text-side\">\n                    <h1 class=\"sk-heading sk-wrap-lines\"><span>Edificio Cedro<\/span><\/h1>\n          \n                    <h2 class=\"sk-subheading sk-wrap-lines\"><span>Una nueva Vitacura<\/span><\/h2>\n          \n                    <div class=\"sk-button-container\">\n            <a href=\"https:\/\/mesa.moller.cl\/index.php\/pagina_proyecto_3-2\/\" class=\"elementor-button sk-button elementor-animation-\" >M\u00e1s info &rarr;<\/a>\n          <\/div>\n                  <\/div>\n    <\/div>\n  <\/div>\n  <\/div>\n\t\t<\/div>\n\t\t\t\t<\/div>\n\t\t<div class=\"elementor-element elementor-element-53bb828 e-con-full e-flex e-con e-child\" data-id=\"53bb828\" data-element_type=\"container\">\n\t\t\t\t<\/div>\n\t\t\t\t<\/div>\n\t\t\t\t\t<\/div>\n\t\t\t\t<\/div>\n\t\t\t\t<\/div>\n\t\t","protected":false},"excerpt":{"rendered":"<p>Galer\u00eda de Proyectos Vitacura Edificio Las Nieves 3631 Vitacura urbana y conectada M\u00e1s info &rarr; Edificio Lo Gallo 1820 En un barrio consolidado M\u00e1s info &rarr; Edificio Parten\u00f3n 1770 La excelencia residencial de Vitacura M\u00e1s info &rarr; San Dami\u00e1n de Vitacura II Un departamento Superior M\u00e1s info &rarr; Edificio Cedro Una nueva Vitacura M\u00e1s info [&hellip;]<\/p>\n","protected":false},"author":1,"featured_media":0,"parent":0,"menu_order":0,"comment_status":"closed","ping_status":"closed","template":"page-no-title","meta":{"footnotes":""},"class_list":["post-468","page","type-page","status-publish","hentry"],"_links":{"self":[{"href":"https:\/\/mesa.moller.cl\/index.php\/wp-json\/wp\/v2\/pages\/468","targetHints":{"allow":["GET"]}}],"collection":[{"href":"https:\/\/mesa.moller.cl\/index.php\/wp-json\/wp\/v2\/pages"}],"about":[{"href":"https:\/\/mesa.moller.cl\/index.php\/wp-json\/wp\/v2\/types\/page"}],"author":[{"embeddable":true,"href":"https:\/\/mesa.moller.cl\/index.php\/wp-json\/wp\/v2\/users\/1"}],"replies":[{"embeddable":true,"href":"https:\/\/mesa.moller.cl\/index.php\/wp-json\/wp\/v2\/comments?post=468"}],"version-history":[{"count":4,"href":"https:\/\/mesa.moller.cl\/index.php\/wp-json\/wp\/v2\/pages\/468\/revisions"}],"predecessor-version":[{"id":473,"href":"https:\/\/mesa.moller.cl\/index.php\/wp-json\/wp\/v2\/pages\/468\/revisions\/473"}],"wp:attachment":[{"href":"https:\/\/mesa.moller.cl\/index.php\/wp-json\/wp\/v2\/media?parent=468"}],"curies":[{"name":"wp","href":"https:\/\/api.w.org\/{rel}","templated":true}]}}